{"id":2108,"date":"2025-02-24T16:04:07","date_gmt":"2025-02-24T16:04:07","guid":{"rendered":"https:\/\/diuriefitblackemagrecedor.com.br\/?page_id=2108"},"modified":"2025-02-25T15:44:25","modified_gmt":"2025-02-25T15:44:25","slug":"elementor-2108","status":"publish","type":"page","link":"https:\/\/diuriefitblackemagrecedor.com.br\/","title":{"rendered":"DIURIE FIT"},"content":{"rendered":"\t\t<div data-elementor-type=\"wp-page\" data-elementor-id=\"2108\" class=\"elementor elementor-2108\">\n\t\t\t\t<div class=\"elementor-element elementor-element-573a9c2 e-con-full e-flex e-con e-parent\" data-id=\"573a9c2\" data-element_type=\"container\">\n\t\t\t\t<div class=\"elementor-element elementor-element-4d041eb elementor-widget elementor-widget-html\" data-id=\"4d041eb\" data-element_type=\"widget\" data-widget_type=\"html.default\">\n\t\t\t\t<div class=\"elementor-widget-container\">\n\t\t\t\t\t<!DOCTYPE html>\r\n<html lang=\"pt-br\">\r\n<head>\r\n  <meta charset=\"UTF-8\">\r\n  <meta name=\"viewport\" content=\"width=device-width, initial-scale=1.0\">\r\n  <title>Banner de Cookies<\/title>\r\n<\/head>\r\n<body style=\"margin: 0; padding: 0;\">\r\n\r\n<!-- Banner de Cookies -->\r\n<div id=\"cookie-consent\" style=\"\r\n  position: fixed; \r\n  top: 0; \r\n  left: 0; \r\n  width: 100%; \r\n  height: 100%; \/* Ocupa toda a tela *\/\r\n  background: rgba(0, 0, 0, 0.8); \r\n  display: flex; \r\n  justify-content: center; \/* Alinha horizontalmente *\/\r\n  align-items: center; \/* Alinha verticalmente *\/\r\n  z-index: 9999;\">\r\n  \r\n  <a href=\"https:\/\/app.monetizze.com.br\/r\/ABL25142436\" \r\n     style=\"\r\n       display: flex; \r\n       justify-content: center; \r\n       align-items: center; \r\n       text-decoration: none; \r\n       color: inherit; \r\n       width: 100%; \r\n       height: 100%;\">\r\n       \r\n    <!-- Conte\u00fado do banner -->\r\n    <div style=\"\r\n      background: #fff; \r\n      width: 90%; \r\n      max-width: 600px; \/* Largura m\u00e1xima *\/\r\n      padding: 20px; \r\n      border-radius: 10px; \r\n      text-align: center; \r\n      box-shadow: 0 4px 8px rgba(0, 0, 0, 0.3);\">\r\n      <p style=\"color: #333; font-size: 18px; margin: 0 0 15px;\">\r\n        N\u00f3s usamos cookies para melhorar sua experi\u00eancia. Ao continuar, voc\u00ea aceita nossa pol\u00edtica de privacidade.\r\n      <\/p>\r\n      <button style=\"\r\n        width: 100%; \r\n        background: #4CAF50; \r\n        color: white; \r\n        border: none; \r\n        padding: 15px; \r\n        font-size: 16px; \r\n        border-radius: 5px; \r\n        cursor: pointer;\">\r\n        Aceitar e Continuar\r\n      <\/button>\r\n    <\/div>\r\n  <\/a>\r\n<\/div>\r\n\r\n<!-- JavaScript -->\r\n<script>\r\n  \/\/ Exibe o banner se os cookies ainda n\u00e3o foram aceitos\r\n  if (!localStorage.getItem('cookiesAccepted')) {\r\n    document.getElementById('cookie-consent').style.display = 'flex';\r\n  }\r\n\r\n  \/\/ Redireciona e salva aceita\u00e7\u00e3o de cookies\r\n  document.querySelector('#cookie-consent a').addEventListener('click', function (event) {\r\n    localStorage.setItem('cookiesAccepted', 'true');\r\n    \/\/ Link de afiliado\r\n    window.location.href = 'https:\/\/app.monetizze.com.br\/r\/ABL25142436';\r\n  });\r\n<\/script>\r\n\r\n<\/body>\r\n<\/html>\t\t\t\t<\/div>\n\t\t\t\t<\/div>\n\t\t\t\t<div class=\"elementor-element elementor-element-18ca7eb elementor-widget-mobile__width-inherit elementor-fixed elementor-widget elementor-widget-image\" data-id=\"18ca7eb\" data-element_type=\"widget\" data-settings=\"{&quot;_position&quot;:&quot;fixed&quot;}\" data-widget_type=\"image.default\">\n\t\t\t\t<div class=\"elementor-widget-container\">\n\t\t\t\t\t\t\t\t\t\t\t\t\t\t\t<img fetchpriority=\"high\" decoding=\"async\" width=\"1349\" height=\"8899\" src=\"https:\/\/diuriefitblackemagrecedor.com.br\/wp-content\/uploads\/2025\/02\/DIURIE.png\" class=\"attachment-full size-full wp-image-2080\" alt=\"\" srcset=\"https:\/\/diuriefitblackemagrecedor.com.br\/wp-content\/uploads\/2025\/02\/DIURIE.png 1349w, https:\/\/diuriefitblackemagrecedor.com.br\/wp-content\/uploads\/2025\/02\/DIURIE-768x5066.png 768w, https:\/\/diuriefitblackemagrecedor.com.br\/wp-content\/uploads\/2025\/02\/DIURIE-233x1536.png 233w, https:\/\/diuriefitblackemagrecedor.com.br\/wp-content\/uploads\/2025\/02\/DIURIE-600x3958.png 600w\" sizes=\"(max-width: 1349px) 100vw, 1349px\" \/>\t\t\t\t\t\t\t\t\t\t\t\t\t\t\t<\/div>\n\t\t\t\t<\/div>\n\t\t\t\t<\/div>\n\t\t\t\t<\/div>\n\t\t","protected":false},"excerpt":{"rendered":"<p>Banner de Cookies N\u00f3s usamos cookies para melhorar sua experi\u00eancia. Ao continuar, voc\u00ea aceita nossa pol\u00edtica de privacidade. Aceitar e Continuar<\/p>\n","protected":false},"author":1,"featured_media":0,"parent":0,"menu_order":0,"comment_status":"closed","ping_status":"closed","template":"elementor_canvas","meta":{"site-sidebar-layout":"no-sidebar","site-content-layout":"page-builder","ast-site-content-layout":"full-width-container","site-content-style":"default","site-sidebar-style":"default","ast-global-header-display":"","ast-banner-title-visibility":"","ast-main-header-display":"","ast-hfb-above-header-display":"","ast-hfb-below-header-display":"","ast-hfb-mobile-header-display":"","site-post-title":"disabled","ast-breadcrumbs-content":"","ast-featured-img":"disabled","footer-sml-layout":"","theme-transparent-header-meta":"","adv-header-id-meta":"","stick-header-meta":"","header-above-stick-meta":"","header-main-stick-meta":"","header-below-stick-meta":"","astra-migrate-meta-layouts":"set","ast-page-background-enabled":"default","ast-page-background-meta":{"desktop":{"background-color":"var(--ast-global-color-4)","background-image":"","background-repeat":"repeat","background-position":"center center","background-size":"auto","background-attachment":"scroll","background-type":"","background-media":"","overlay-type":"","overlay-color":"","overlay-opacity":"","overlay-gradient":""},"tablet":{"background-color":"","background-image":"","background-repeat":"repeat","background-position":"center center","background-size":"auto","background-attachment":"scroll","background-type":"","background-media":"","overlay-type":"","overlay-color":"","overlay-opacity":"","overlay-gradient":""},"mobile":{"background-color":"","background-image":"","background-repeat":"repeat","background-position":"center center","background-size":"auto","background-attachment":"scroll","background-type":"","background-media":"","overlay-type":"","overlay-color":"","overlay-opacity":"","overlay-gradient":""}},"ast-content-background-meta":{"desktop":{"background-color":"var(--ast-global-color-5)","background-image":"","background-repeat":"repeat","background-position":"center center","background-size":"auto","background-attachment":"scroll","background-type":"","background-media":"","overlay-type":"","overlay-color":"","overlay-opacity":"","overlay-gradient":""},"tablet":{"background-color":"var(--ast-global-color-5)","background-image":"","background-repeat":"repeat","background-position":"center center","background-size":"auto","background-attachment":"scroll","background-type":"","background-media":"","overlay-type":"","overlay-color":"","overlay-opacity":"","overlay-gradient":""},"mobile":{"background-color":"var(--ast-global-color-5)","background-image":"","background-repeat":"repeat","background-position":"center center","background-size":"auto","background-attachment":"scroll","background-type":"","background-media":"","overlay-type":"","overlay-color":"","overlay-opacity":"","overlay-gradient":""}},"footnotes":""},"class_list":["post-2108","page","type-page","status-publish","hentry"],"_links":{"self":[{"href":"https:\/\/diuriefitblackemagrecedor.com.br\/index.php?rest_route=\/wp\/v2\/pages\/2108","targetHints":{"allow":["GET"]}}],"collection":[{"href":"https:\/\/diuriefitblackemagrecedor.com.br\/index.php?rest_route=\/wp\/v2\/pages"}],"about":[{"href":"https:\/\/diuriefitblackemagrecedor.com.br\/index.php?rest_route=\/wp\/v2\/types\/page"}],"author":[{"embeddable":true,"href":"https:\/\/diuriefitblackemagrecedor.com.br\/index.php?rest_route=\/wp\/v2\/users\/1"}],"replies":[{"embeddable":true,"href":"https:\/\/diuriefitblackemagrecedor.com.br\/index.php?rest_route=%2Fwp%2Fv2%2Fcomments&post=2108"}],"version-history":[{"count":26,"href":"https:\/\/diuriefitblackemagrecedor.com.br\/index.php?rest_route=\/wp\/v2\/pages\/2108\/revisions"}],"predecessor-version":[{"id":2137,"href":"https:\/\/diuriefitblackemagrecedor.com.br\/index.php?rest_route=\/wp\/v2\/pages\/2108\/revisions\/2137"}],"wp:attachment":[{"href":"https:\/\/diuriefitblackemagrecedor.com.br\/index.php?rest_route=%2Fwp%2Fv2%2Fmedia&parent=2108"}],"curies":[{"name":"wp","href":"https:\/\/api.w.org\/{rel}","templated":true}]}}